{"id":1197,"date":"2026-03-09T10:32:05","date_gmt":"2026-03-09T09:32:05","guid":{"rendered":"https:\/\/buczynski-tax.pl\/landing-page\/"},"modified":"2026-03-09T10:32:05","modified_gmt":"2026-03-09T09:32:05","slug":"landing-page","status":"publish","type":"page","link":"https:\/\/buczynski-tax.pl\/en\/landing-page\/","title":{"rendered":"Landing page"},"content":{"rendered":"","protected":false},"excerpt":{"rendered":"","protected":false},"author":1,"featured_media":0,"parent":0,"menu_order":0,"comment_status":"closed","ping_status":"closed","template":"template\/landingpage-1.php","meta":{"_acf_changed":false,"inline_featured_image":false,"footnotes":""},"class_list":["post-1197","page","type-page","status-publish","hentry"],"acf":[],"yoast_head":"<!-- This site is optimized with the Yoast SEO plugin v27.3 - https:\/\/yoast.com\/product\/yoast-seo-wordpress\/ -->\n<title>Landing page - Buczynski Tax<\/title>\n<meta name=\"robots\" content=\"index, follow, max-snippet:-1, max-image-preview:large, max-video-preview:-1\" \/>\n<link rel=\"canonical\" href=\"https:\/\/buczynski-tax.pl\/landing-page\/\" \/>\n<meta property=\"og:locale\" content=\"en_US\" \/>\n<meta property=\"og:type\" content=\"article\" \/>\n<meta property=\"og:title\" content=\"Landing page - Buczynski Tax\" \/>\n<meta property=\"og:url\" content=\"https:\/\/buczynski-tax.pl\/landing-page\/\" \/>\n<meta property=\"og:site_name\" content=\"Buczynski Tax\" \/>\n<meta name=\"twitter:card\" content=\"summary_large_image\" \/>\n<script type=\"application\/ld+json\" class=\"yoast-schema-graph\">{\"@context\":\"https:\\\/\\\/schema.org\",\"@graph\":[{\"@type\":\"WebPage\",\"@id\":\"https:\\\/\\\/buczynski-tax.pl\\\/landing-page\\\/\",\"url\":\"https:\\\/\\\/buczynski-tax.pl\\\/landing-page\\\/\",\"name\":\"Landing page - Buczynski Tax\",\"isPartOf\":{\"@id\":\"https:\\\/\\\/buczynski-tax.pl\\\/#website\"},\"datePublished\":\"2026-03-09T09:32:05+00:00\",\"breadcrumb\":{\"@id\":\"https:\\\/\\\/buczynski-tax.pl\\\/landing-page\\\/#breadcrumb\"},\"inLanguage\":\"en-US\",\"potentialAction\":[{\"@type\":\"ReadAction\",\"target\":[\"https:\\\/\\\/buczynski-tax.pl\\\/landing-page\\\/\"]}]},{\"@type\":\"BreadcrumbList\",\"@id\":\"https:\\\/\\\/buczynski-tax.pl\\\/landing-page\\\/#breadcrumb\",\"itemListElement\":[{\"@type\":\"ListItem\",\"position\":1,\"name\":\"Strona g\u0142\u00f3wna\",\"item\":\"https:\\\/\\\/buczynski-tax.pl\\\/en\\\/\"},{\"@type\":\"ListItem\",\"position\":2,\"name\":\"Landing page\"}]},{\"@type\":\"WebSite\",\"@id\":\"https:\\\/\\\/buczynski-tax.pl\\\/#website\",\"url\":\"https:\\\/\\\/buczynski-tax.pl\\\/\",\"name\":\"Buczynski Tax\",\"description\":\"Nowoczesna Ksi\u0119gowo\u015b\u0107. Rzetelna kancelaria podatkowa z ponad 10-letnim do\u015bwiadczeniem w ksi\u0119gowo\u015bci. Od dekady wspieramy przedsi\u0119biorc\u00f3w.\",\"publisher\":{\"@id\":\"https:\\\/\\\/buczynski-tax.pl\\\/#organization\"},\"alternateName\":\"Nowoczesna Ksi\u0119gowo\u015b\u0107. Rzetelna kancelaria podatkowa z ponad 10-letnim do\u015bwiadczeniem w ksi\u0119gowo\u015bci. Od dekady wspieramy przedsi\u0119biorc\u00f3w.\",\"potentialAction\":[{\"@type\":\"SearchAction\",\"target\":{\"@type\":\"EntryPoint\",\"urlTemplate\":\"https:\\\/\\\/buczynski-tax.pl\\\/?s={search_term_string}\"},\"query-input\":{\"@type\":\"PropertyValueSpecification\",\"valueRequired\":true,\"valueName\":\"search_term_string\"}}],\"inLanguage\":\"en-US\"},{\"@type\":\"Organization\",\"@id\":\"https:\\\/\\\/buczynski-tax.pl\\\/#organization\",\"name\":\"Buczynski Tax\",\"url\":\"https:\\\/\\\/buczynski-tax.pl\\\/\",\"logo\":{\"@type\":\"ImageObject\",\"inLanguage\":\"en-US\",\"@id\":\"https:\\\/\\\/buczynski-tax.pl\\\/#\\\/schema\\\/logo\\\/image\\\/\",\"url\":\"https:\\\/\\\/buczynski-tax.pl\\\/wp-content\\\/uploads\\\/2025\\\/06\\\/cropped-favicon.png\",\"contentUrl\":\"https:\\\/\\\/buczynski-tax.pl\\\/wp-content\\\/uploads\\\/2025\\\/06\\\/cropped-favicon.png\",\"width\":160,\"height\":160,\"caption\":\"Buczynski Tax\"},\"image\":{\"@id\":\"https:\\\/\\\/buczynski-tax.pl\\\/#\\\/schema\\\/logo\\\/image\\\/\"}}]}<\/script>\n<!-- \/ Yoast SEO plugin. -->","yoast_head_json":{"title":"Landing page - Buczynski Tax","robots":{"index":"index","follow":"follow","max-snippet":"max-snippet:-1","max-image-preview":"max-image-preview:large","max-video-preview":"max-video-preview:-1"},"canonical":"https:\/\/buczynski-tax.pl\/landing-page\/","og_locale":"en_US","og_type":"article","og_title":"Landing page - Buczynski Tax","og_url":"https:\/\/buczynski-tax.pl\/landing-page\/","og_site_name":"Buczynski Tax","twitter_card":"summary_large_image","schema":{"@context":"https:\/\/schema.org","@graph":[{"@type":"WebPage","@id":"https:\/\/buczynski-tax.pl\/landing-page\/","url":"https:\/\/buczynski-tax.pl\/landing-page\/","name":"Landing page - Buczynski Tax","isPartOf":{"@id":"https:\/\/buczynski-tax.pl\/#website"},"datePublished":"2026-03-09T09:32:05+00:00","breadcrumb":{"@id":"https:\/\/buczynski-tax.pl\/landing-page\/#breadcrumb"},"inLanguage":"en-US","potentialAction":[{"@type":"ReadAction","target":["https:\/\/buczynski-tax.pl\/landing-page\/"]}]},{"@type":"BreadcrumbList","@id":"https:\/\/buczynski-tax.pl\/landing-page\/#breadcrumb","itemListElement":[{"@type":"ListItem","position":1,"name":"Strona g\u0142\u00f3wna","item":"https:\/\/buczynski-tax.pl\/en\/"},{"@type":"ListItem","position":2,"name":"Landing page"}]},{"@type":"WebSite","@id":"https:\/\/buczynski-tax.pl\/#website","url":"https:\/\/buczynski-tax.pl\/","name":"Buczynski Tax","description":"Nowoczesna Ksi\u0119gowo\u015b\u0107. Rzetelna kancelaria podatkowa z ponad 10-letnim do\u015bwiadczeniem w ksi\u0119gowo\u015bci. Od dekady wspieramy przedsi\u0119biorc\u00f3w.","publisher":{"@id":"https:\/\/buczynski-tax.pl\/#organization"},"alternateName":"Nowoczesna Ksi\u0119gowo\u015b\u0107. Rzetelna kancelaria podatkowa z ponad 10-letnim do\u015bwiadczeniem w ksi\u0119gowo\u015bci. Od dekady wspieramy przedsi\u0119biorc\u00f3w.","potentialAction":[{"@type":"SearchAction","target":{"@type":"EntryPoint","urlTemplate":"https:\/\/buczynski-tax.pl\/?s={search_term_string}"},"query-input":{"@type":"PropertyValueSpecification","valueRequired":true,"valueName":"search_term_string"}}],"inLanguage":"en-US"},{"@type":"Organization","@id":"https:\/\/buczynski-tax.pl\/#organization","name":"Buczynski Tax","url":"https:\/\/buczynski-tax.pl\/","logo":{"@type":"ImageObject","inLanguage":"en-US","@id":"https:\/\/buczynski-tax.pl\/#\/schema\/logo\/image\/","url":"https:\/\/buczynski-tax.pl\/wp-content\/uploads\/2025\/06\/cropped-favicon.png","contentUrl":"https:\/\/buczynski-tax.pl\/wp-content\/uploads\/2025\/06\/cropped-favicon.png","width":160,"height":160,"caption":"Buczynski Tax"},"image":{"@id":"https:\/\/buczynski-tax.pl\/#\/schema\/logo\/image\/"}}]}},"_links":{"self":[{"href":"https:\/\/buczynski-tax.pl\/en\/wp-json\/wp\/v2\/pages\/1197","targetHints":{"allow":["GET"]}}],"collection":[{"href":"https:\/\/buczynski-tax.pl\/en\/wp-json\/wp\/v2\/pages"}],"about":[{"href":"https:\/\/buczynski-tax.pl\/en\/wp-json\/wp\/v2\/types\/page"}],"author":[{"embeddable":true,"href":"https:\/\/buczynski-tax.pl\/en\/wp-json\/wp\/v2\/users\/1"}],"replies":[{"embeddable":true,"href":"https:\/\/buczynski-tax.pl\/en\/wp-json\/wp\/v2\/comments?post=1197"}],"version-history":[{"count":0,"href":"https:\/\/buczynski-tax.pl\/en\/wp-json\/wp\/v2\/pages\/1197\/revisions"}],"wp:attachment":[{"href":"https:\/\/buczynski-tax.pl\/en\/wp-json\/wp\/v2\/media?parent=1197"}],"curies":[{"name":"wp","href":"https:\/\/api.w.org\/{rel}","templated":true}]}}