{"id":1215,"date":"2025-06-18T13:50:06","date_gmt":"2025-06-18T11:50:06","guid":{"rendered":"https:\/\/buczynski-tax.pl\/oferta\/"},"modified":"2026-03-21T21:27:44","modified_gmt":"2026-03-21T20:27:44","slug":"oferta","status":"publish","type":"page","link":"https:\/\/buczynski-tax.pl\/en\/oferta\/","title":{"rendered":"Offer"},"content":{"rendered":"<div class=\"component contact--section hidden mt-64 mb-64\">\n    <div class=\"container-xl\">\n        <div class=\"row\">\n\n            <!-- LEWA STRONA: KROKI -->\n            <div class=\"col-md-6\">\n                <div class=\"title\">\n                    <h3>Schedule a consultation<\/h3>\n                <\/div>\n\n                                <div class=\"step-count mt-48\">\n                    <div class=\"timeline\">\n                                                <div class=\"timeline-step\">\n                            <div class=\"timeline-icon\">01<\/div>\n                            <div class=\"timeline-content\">\n                                <h5>Fill out the contact form.<\/h5>\n                                <p>Provide your details and briefly describe what you need help with.<\/p>\n                            <\/div>\n                        <\/div>\n                                                <div class=\"timeline-step\">\n                            <div class=\"timeline-icon\">02<\/div>\n                            <div class=\"timeline-content\">\n                                <h5>We will analyze your inquiry.<\/h5>\n                                <p>We will quickly inform you about the consultation date and price.<\/p>\n                            <\/div>\n                        <\/div>\n                                                <div class=\"timeline-step\">\n                            <div class=\"timeline-icon\">03<\/div>\n                            <div class=\"timeline-content\">\n                                <h5>The consultation can be conducted online or in person.<\/h5>\n                                <p>Together, we will find the best solution to your problem!<\/p>\n                            <\/div>\n                        <\/div>\n                                            <\/div>\n                <\/div>\n                            <\/div>\n\n            <!-- PRAWA STRONA: FORMULARZ -->\n            <div class=\"col-md-6\">\n                <div class=\"form\">\n                    <div class=\"title flex justify-content-between align-items-center gap-16 flex-wrap\">\n                        <h3>Contact<\/h3>\n                                                <img decoding=\"async\" src=\"https:\/\/buczynski-tax.pl\/wp-content\/uploads\/2025\/06\/image-1.png\" alt=\"\">\n                                            <\/div>\n\n                    <div class=\"has--wrapper\">\n                        \n<div class=\"wpcf7 no-js\" id=\"wpcf7-f1225-o1\" lang=\"en-US\" dir=\"ltr\" data-wpcf7-id=\"1225\">\n<div class=\"screen-reader-response\"><p role=\"status\" aria-live=\"polite\" aria-atomic=\"true\"><\/p> <ul><\/ul><\/div>\n<form action=\"\/en\/wp-json\/wp\/v2\/pages\/1215#wpcf7-f1225-o1\" method=\"post\" class=\"wpcf7-form init\" aria-label=\"Contact form\" novalidate=\"novalidate\" data-status=\"init\">\n<fieldset class=\"hidden-fields-container\"><input type=\"hidden\" name=\"_wpcf7\" value=\"1225\" \/><input type=\"hidden\" name=\"_wpcf7_version\" value=\"6.1.5\" \/><input type=\"hidden\" name=\"_wpcf7_locale\" value=\"en_US\" \/><input type=\"hidden\" name=\"_wpcf7_unit_tag\" value=\"wpcf7-f1225-o1\" \/><input type=\"hidden\" name=\"_wpcf7_container_post\" value=\"0\" \/><input type=\"hidden\" name=\"_wpcf7_posted_data_hash\" value=\"\" \/>\n<\/fieldset>\n<div class=\"wpcf7-turnstile cf-turnstile\" data-sitekey=\"0x4AAAAAACD9W6NRwSYi6iRt\" data-response-field-name=\"_wpcf7_turnstile_response\"><\/div>\n\n<p><label>Full Name*<\/label><span class=\"wpcf7-form-control-wrap\" data-name=\"nametext\"><input size=\"40\" maxlength=\"400\" class=\"wpcf7-form-control wpcf7-text wpcf7-validates-as-required\" aria-required=\"true\" aria-invalid=\"false\" placeholder=\"Full Name*\" value=\"\" type=\"text\" name=\"nametext\" \/><\/span><label>Contact Phone*<\/label><span class=\"wpcf7-form-control-wrap\" data-name=\"tel-722\"><input size=\"40\" maxlength=\"400\" class=\"wpcf7-form-control wpcf7-tel wpcf7-text wpcf7-validates-as-tel\" aria-invalid=\"false\" placeholder=\"Contact Phone\" value=\"\" type=\"tel\" name=\"tel-722\" \/><\/span><label>Contact Email*<\/label><span class=\"wpcf7-form-control-wrap\" data-name=\"email-168\"><input size=\"40\" maxlength=\"400\" class=\"wpcf7-form-control wpcf7-email wpcf7-validates-as-required wpcf7-text wpcf7-validates-as-email\" aria-required=\"true\" aria-invalid=\"false\" placeholder=\"Contact Email\" value=\"\" type=\"email\" name=\"email-168\" \/><\/span><label>Message*<\/label><span class=\"wpcf7-form-control-wrap\" data-name=\"textarea-892\"><textarea cols=\"40\" rows=\"10\" maxlength=\"1000\" minlength=\"20\" class=\"wpcf7-form-control wpcf7-textarea\" aria-invalid=\"false\" placeholder=\"Write us a message\" name=\"textarea-892\"><\/textarea><\/span><span class=\"wpcf7-character-count down\" data-target-name=\"textarea-892\" data-starting-value=\"1000\" data-current-value=\"1000\" data-maximum-value=\"1000\" data-minimum-value=\"20\">1000<\/span><span class=\"wpcf7-form-control-wrap\" data-name=\"acceptance-60\"><span class=\"wpcf7-form-control wpcf7-acceptance\"><span class=\"wpcf7-list-item\"><label><input type=\"checkbox\" name=\"acceptance-60\" value=\"1\" aria-invalid=\"false\" \/><span class=\"wpcf7-list-item-label\">I declare that I have read and accept the provisions of the privacy policy regarding the processing of personal data.*<\/span><\/label><\/span><\/span><\/span><input class=\"wpcf7-form-control wpcf7-submit has-spinner\" type=\"submit\" value=\"Send message\" \/>\n<\/p><p style=\"display: none !important;\" class=\"akismet-fields-container\" data-prefix=\"_wpcf7_ak_\"><label>&#916;<textarea name=\"_wpcf7_ak_hp_textarea\" cols=\"45\" rows=\"8\" maxlength=\"100\"><\/textarea><\/label><input type=\"hidden\" id=\"ak_js_1\" name=\"_wpcf7_ak_js\" value=\"225\"\/><script>\ndocument.getElementById( \"ak_js_1\" ).setAttribute( \"value\", ( new Date() ).getTime() );\n<\/script>\n<\/p><div class=\"wpcf7-response-output\" aria-hidden=\"true\"><\/div>\n<\/form>\n<\/div>\n                    <\/div>\n                <\/div>\n            <\/div>\n\n        <\/div>\n    <\/div>\n<\/div>","protected":false},"excerpt":{"rendered":"","protected":false},"author":2,"featured_media":0,"parent":0,"menu_order":0,"comment_status":"closed","ping_status":"closed","template":"template\/oferta-lista.php","meta":{"_acf_changed":false,"inline_featured_image":false,"footnotes":""},"class_list":["post-1215","page","type-page","status-publish","hentry"],"acf":[],"yoast_head":"<!-- This site is optimized with the Yoast SEO plugin v27.6 - https:\/\/yoast.com\/product\/yoast-seo-wordpress\/ -->\n<title>Offer - Buczynski Tax<\/title>\n<meta name=\"robots\" content=\"index, follow, max-snippet:-1, max-image-preview:large, max-video-preview:-1\" \/>\n<link rel=\"canonical\" href=\"https:\/\/buczynski-tax.pl\/en\/oferta\/\" \/>\n<meta property=\"og:locale\" content=\"en_US\" \/>\n<meta property=\"og:type\" content=\"article\" \/>\n<meta property=\"og:title\" content=\"Offer - Buczynski Tax\" \/>\n<meta property=\"og:url\" content=\"https:\/\/buczynski-tax.pl\/en\/oferta\/\" \/>\n<meta property=\"og:site_name\" content=\"Buczynski Tax\" \/>\n<meta property=\"article:modified_time\" content=\"2026-03-21T20:27:44+00:00\" \/>\n<meta name=\"twitter:card\" content=\"summary_large_image\" \/>\n<meta name=\"twitter:label1\" content=\"Est. reading time\" \/>\n\t<meta name=\"twitter:data1\" content=\"1 minute\" \/>\n<script type=\"application\/ld+json\" class=\"yoast-schema-graph\">{\"@context\":\"https:\\\/\\\/schema.org\",\"@graph\":[{\"@type\":\"WebPage\",\"@id\":\"https:\\\/\\\/buczynski-tax.pl\\\/en\\\/oferta\\\/\",\"url\":\"https:\\\/\\\/buczynski-tax.pl\\\/en\\\/oferta\\\/\",\"name\":\"Offer - Buczynski Tax\",\"isPartOf\":{\"@id\":\"https:\\\/\\\/buczynski-tax.pl\\\/#website\"},\"datePublished\":\"2025-06-18T11:50:06+00:00\",\"dateModified\":\"2026-03-21T20:27:44+00:00\",\"breadcrumb\":{\"@id\":\"https:\\\/\\\/buczynski-tax.pl\\\/en\\\/oferta\\\/#breadcrumb\"},\"inLanguage\":\"en-US\",\"potentialAction\":[{\"@type\":\"ReadAction\",\"target\":[\"https:\\\/\\\/buczynski-tax.pl\\\/en\\\/oferta\\\/\"]}]},{\"@type\":\"BreadcrumbList\",\"@id\":\"https:\\\/\\\/buczynski-tax.pl\\\/en\\\/oferta\\\/#breadcrumb\",\"itemListElement\":[{\"@type\":\"ListItem\",\"position\":1,\"name\":\"Strona g\u0142\u00f3wna\",\"item\":\"https:\\\/\\\/buczynski-tax.pl\\\/en\\\/\"},{\"@type\":\"ListItem\",\"position\":2,\"name\":\"Offer\"}]},{\"@type\":\"WebSite\",\"@id\":\"https:\\\/\\\/buczynski-tax.pl\\\/#website\",\"url\":\"https:\\\/\\\/buczynski-tax.pl\\\/\",\"name\":\"Buczynski Tax\",\"description\":\"Nowoczesna Ksi\u0119gowo\u015b\u0107. Rzetelna kancelaria podatkowa z ponad 10-letnim do\u015bwiadczeniem w ksi\u0119gowo\u015bci. Od dekady wspieramy przedsi\u0119biorc\u00f3w.\",\"publisher\":{\"@id\":\"https:\\\/\\\/buczynski-tax.pl\\\/#organization\"},\"alternateName\":\"Nowoczesna Ksi\u0119gowo\u015b\u0107. Rzetelna kancelaria podatkowa z ponad 10-letnim do\u015bwiadczeniem w ksi\u0119gowo\u015bci. Od dekady wspieramy przedsi\u0119biorc\u00f3w.\",\"potentialAction\":[{\"@type\":\"SearchAction\",\"target\":{\"@type\":\"EntryPoint\",\"urlTemplate\":\"https:\\\/\\\/buczynski-tax.pl\\\/?s={search_term_string}\"},\"query-input\":{\"@type\":\"PropertyValueSpecification\",\"valueRequired\":true,\"valueName\":\"search_term_string\"}}],\"inLanguage\":\"en-US\"},{\"@type\":\"Organization\",\"@id\":\"https:\\\/\\\/buczynski-tax.pl\\\/#organization\",\"name\":\"Buczynski Tax\",\"url\":\"https:\\\/\\\/buczynski-tax.pl\\\/\",\"logo\":{\"@type\":\"ImageObject\",\"inLanguage\":\"en-US\",\"@id\":\"https:\\\/\\\/buczynski-tax.pl\\\/#\\\/schema\\\/logo\\\/image\\\/\",\"url\":\"https:\\\/\\\/buczynski-tax.pl\\\/wp-content\\\/uploads\\\/2025\\\/06\\\/cropped-favicon.png\",\"contentUrl\":\"https:\\\/\\\/buczynski-tax.pl\\\/wp-content\\\/uploads\\\/2025\\\/06\\\/cropped-favicon.png\",\"width\":160,\"height\":160,\"caption\":\"Buczynski Tax\"},\"image\":{\"@id\":\"https:\\\/\\\/buczynski-tax.pl\\\/#\\\/schema\\\/logo\\\/image\\\/\"}}]}<\/script>\n<!-- \/ Yoast SEO plugin. -->","yoast_head_json":{"title":"Offer - Buczynski Tax","robots":{"index":"index","follow":"follow","max-snippet":"max-snippet:-1","max-image-preview":"max-image-preview:large","max-video-preview":"max-video-preview:-1"},"canonical":"https:\/\/buczynski-tax.pl\/en\/oferta\/","og_locale":"en_US","og_type":"article","og_title":"Offer - Buczynski Tax","og_url":"https:\/\/buczynski-tax.pl\/en\/oferta\/","og_site_name":"Buczynski Tax","article_modified_time":"2026-03-21T20:27:44+00:00","twitter_card":"summary_large_image","twitter_misc":{"Est. reading time":"1 minute"},"schema":{"@context":"https:\/\/schema.org","@graph":[{"@type":"WebPage","@id":"https:\/\/buczynski-tax.pl\/en\/oferta\/","url":"https:\/\/buczynski-tax.pl\/en\/oferta\/","name":"Offer - Buczynski Tax","isPartOf":{"@id":"https:\/\/buczynski-tax.pl\/#website"},"datePublished":"2025-06-18T11:50:06+00:00","dateModified":"2026-03-21T20:27:44+00:00","breadcrumb":{"@id":"https:\/\/buczynski-tax.pl\/en\/oferta\/#breadcrumb"},"inLanguage":"en-US","potentialAction":[{"@type":"ReadAction","target":["https:\/\/buczynski-tax.pl\/en\/oferta\/"]}]},{"@type":"BreadcrumbList","@id":"https:\/\/buczynski-tax.pl\/en\/oferta\/#breadcrumb","itemListElement":[{"@type":"ListItem","position":1,"name":"Strona g\u0142\u00f3wna","item":"https:\/\/buczynski-tax.pl\/en\/"},{"@type":"ListItem","position":2,"name":"Offer"}]},{"@type":"WebSite","@id":"https:\/\/buczynski-tax.pl\/#website","url":"https:\/\/buczynski-tax.pl\/","name":"Buczynski Tax","description":"Nowoczesna Ksi\u0119gowo\u015b\u0107. Rzetelna kancelaria podatkowa z ponad 10-letnim do\u015bwiadczeniem w ksi\u0119gowo\u015bci. Od dekady wspieramy przedsi\u0119biorc\u00f3w.","publisher":{"@id":"https:\/\/buczynski-tax.pl\/#organization"},"alternateName":"Nowoczesna Ksi\u0119gowo\u015b\u0107. Rzetelna kancelaria podatkowa z ponad 10-letnim do\u015bwiadczeniem w ksi\u0119gowo\u015bci. Od dekady wspieramy przedsi\u0119biorc\u00f3w.","potentialAction":[{"@type":"SearchAction","target":{"@type":"EntryPoint","urlTemplate":"https:\/\/buczynski-tax.pl\/?s={search_term_string}"},"query-input":{"@type":"PropertyValueSpecification","valueRequired":true,"valueName":"search_term_string"}}],"inLanguage":"en-US"},{"@type":"Organization","@id":"https:\/\/buczynski-tax.pl\/#organization","name":"Buczynski Tax","url":"https:\/\/buczynski-tax.pl\/","logo":{"@type":"ImageObject","inLanguage":"en-US","@id":"https:\/\/buczynski-tax.pl\/#\/schema\/logo\/image\/","url":"https:\/\/buczynski-tax.pl\/wp-content\/uploads\/2025\/06\/cropped-favicon.png","contentUrl":"https:\/\/buczynski-tax.pl\/wp-content\/uploads\/2025\/06\/cropped-favicon.png","width":160,"height":160,"caption":"Buczynski Tax"},"image":{"@id":"https:\/\/buczynski-tax.pl\/#\/schema\/logo\/image\/"}}]}},"_links":{"self":[{"href":"https:\/\/buczynski-tax.pl\/en\/wp-json\/wp\/v2\/pages\/1215","targetHints":{"allow":["GET"]}}],"collection":[{"href":"https:\/\/buczynski-tax.pl\/en\/wp-json\/wp\/v2\/pages"}],"about":[{"href":"https:\/\/buczynski-tax.pl\/en\/wp-json\/wp\/v2\/types\/page"}],"author":[{"embeddable":true,"href":"https:\/\/buczynski-tax.pl\/en\/wp-json\/wp\/v2\/users\/2"}],"replies":[{"embeddable":true,"href":"https:\/\/buczynski-tax.pl\/en\/wp-json\/wp\/v2\/comments?post=1215"}],"version-history":[{"count":1,"href":"https:\/\/buczynski-tax.pl\/en\/wp-json\/wp\/v2\/pages\/1215\/revisions"}],"predecessor-version":[{"id":1220,"href":"https:\/\/buczynski-tax.pl\/en\/wp-json\/wp\/v2\/pages\/1215\/revisions\/1220"}],"wp:attachment":[{"href":"https:\/\/buczynski-tax.pl\/en\/wp-json\/wp\/v2\/media?parent=1215"}],"curies":[{"name":"wp","href":"https:\/\/api.w.org\/{rel}","templated":true}]}}