{"id":1248,"date":"2025-05-17T18:19:46","date_gmt":"2025-05-17T16:19:46","guid":{"rendered":"https:\/\/buczynski-tax.pl\/wycen-ksiegowosc\/"},"modified":"2026-03-21T22:01:59","modified_gmt":"2026-03-21T21:01:59","slug":"quote","status":"publish","type":"page","link":"https:\/\/buczynski-tax.pl\/en\/quote\/","title":{"rendered":"Get an accounting quote"},"content":{"rendered":"\n<h2 class=\"wp-block-heading\">Use the calculator and estimate your accounting costs<\/h2>\n\n<p>Regardless of whether you run a sole proprietorship, a limited liability company, a general partnership, a professional partnership, or are just starting out \u2013 <strong>at Buczynski Tax, we provide comprehensive accounting, tax, and HR support.<\/strong><br\/><br\/>Get an accounting quote and join our satisfied clients.<\/p>\n<div id=\"calculator-block_d7df5ad24fbb00af2e5540403f19604c\">\n    <div class=\"container \">\n        <div class=\"calculator components\">\n            <div class=\"calc-wrapper\">\n                <div class=\"flex flex-direction-column gap-16\">\n                    <div class=\"flex justify-content-center\">\n                    <\/div>\n                    <h3 class=\"heading\">\n                        <p><span>Accounting +<\/span> tax consulting<br \/>\n<span>starting at 299 PLN (net)<\/span><\/p>\n                    <\/h3>\n                <\/div>\n\n                <div class=\"is-calc-slide\">\n                    <!-- Add business type selector -->\n                    <div class=\"business-type-selector mb-24\">\n                        <label class=\"calc-label mb-12\">Wybierz form\u0119 dzia\u0142alno\u015bci:<\/label>\n                        <div class=\"flex flex-wrap gap-16 sm:flex-direction-column\">\n                            <label class=\"radio-label\">\n                                <input type=\"radio\" name=\"businessType\" value=\"jdg\" checked>\n                                <span class=\"mx-90\">Jednoosobowa dzia\u0142alno\u015b\u0107 gospodarcza<\/span>\n                            <\/label>\n                            <label class=\"radio-label flex-wrap\">\n                                <input type=\"radio\" name=\"businessType\" value=\"company\">\n                                <span>Sp\u00f3\u0142ka<\/span>\n                            <\/label>\n                        <\/div>\n                    <\/div>\n\n                    <!-- <label for=\"documentSlider\" class=\"calc-label mb-12\">Sole proprietorship<\/label> -->\n                    <input type=\"range\" id=\"documentSlider\" min=\"0\" max=\"601\"\n                        step=\"1\" value=\"0\" class=\"calc-slider\" \/>\n                    <div\n                        class=\"flex justify-content-between align-items-center flex-wrap gap-16 sm:justify-content-center\">\n                        <p class=\"label-qte\">Number of documents:                            <span id=\"docCount\" class=\"calc-doccount\">0<\/span>\n                        <\/p>\n                        <div class=\"price-box\">\n                            <span class=\"price-label\"><\/span>\n                            <span id=\"price\" class=\"is-price\">299<\/span>\n                            <span id=\"price-currency\"> z\u0142<\/span>\n                            <span id=\"price-netto\"><\/span>\n                        <\/div>\n                    <\/div>\n\n                                        <!-- c-style-2 -->\n                    <div class=\"cta--block-2 flex justify-content-center gap-16 mt-64\">\n                        <div class=\"item-left\">\n                                                                                    <img decoding=\"async\" src=\"https:\/\/buczynski-tax.pl\/wp-content\/uploads\/2025\/06\/kontakt_01.png\" class=\"icon-av\"\n                                alt=\"\" \/>\n                                                    <\/div>\n\n                        <div class=\"item-right flex flex-direction-column justify-content-center gap-8\">\n                            <p class=\"text-primary fw-600 text-lg\">\n                                                            <\/p>\n                            \n                            <a href=\"tel:+48717575080\">\n                                <span>Zadzwo\u0144<\/span>\n                                <strong>\n                                    +48 71 75 75 080                                <\/strong>\n                            <\/a>\n\n\n\n                        <\/div>\n                    <\/div>\n                    \n\n                <\/div>\n            <\/div>\n        <\/div>\n    <\/div>\n<\/div>\n\n<script>\ndocument.addEventListener(\"DOMContentLoaded\", function() {\n    const slider = document.getElementById(\"documentSlider\");\n    const output = document.getElementById(\"docCount\");\n    const priceOutput = document.getElementById(\"price\");\n    const pricingTiers = {\"jdg\":[{\"limit\":10,\"price\":299},{\"limit\":25,\"price\":299},{\"limit\":50,\"price\":299},{\"limit\":75,\"price\":299},{\"limit\":100,\"price\":299},{\"limit\":150,\"price\":299},{\"limit\":200,\"price\":299},{\"limit\":250,\"price\":299},{\"limit\":300,\"price\":299},{\"limit\":301,\"price\":299}],\"company\":[{\"limit\":10,\"price\":299},{\"limit\":30,\"price\":299},{\"limit\":50,\"price\":299},{\"limit\":75,\"price\":299},{\"limit\":100,\"price\":299},{\"limit\":130,\"price\":299},{\"limit\":170,\"price\":299},{\"limit\":200,\"price\":299},{\"limit\":250,\"price\":299},{\"limit\":300,\"price\":299},{\"limit\":350,\"price\":299},{\"limit\":400,\"price\":299},{\"limit\":500,\"price\":299},{\"limit\":501,\"price\":299}]};\n    const defaultPriceJDG = \"299\";\n    const defaultPriceCompany = \"299\";\n\n    function getPrice(documents, businessType) {\n        const tiers = pricingTiers[businessType];\n        if (!tiers || tiers.length === 0) return businessType === 'jdg' ? defaultPriceJDG : defaultPriceCompany;\n\n        documents = Number(documents);\n\n        \/\/ Szukamy pierwszego progu, kt\u00f3rego limit >= liczba dokument\u00f3w\n        for (let i = 0; i < tiers.length; i++) {\n            if (documents <= tiers[i].limit) {\n                \/\/ Je\u017celi cena to 0, oznacza indywidualn\u0105 cen\u0119\n                if (tiers[i].price === 0) {\n                    return \"Cena indywidualna\";\n                }\n                return tiers[i].price;\n            }\n        }\n\n        \/\/ Je\u015bli liczba dokument\u00f3w jest wi\u0119ksza ni\u017c ostatni pr\u00f3g\n        const lastTier = tiers[tiers.length - 1];\n        if (lastTier.price === 0) {\n            return \"Cena indywidualna\";\n        } else {\n            return lastTier.price;\n        }\n    }\n\n\n    function updateSliderColor() {\n        const value = (slider.value - slider.min) \/ (slider.max - slider.min) * 100;\n        slider.style.setProperty('--value', value + '%');\n    }\n\n    function updatePrice() {\n        const docValue = parseInt(slider.value, 10);\n        const businessType = document.querySelector('input[name=\"businessType\"]:checked').value;\n\n        output.textContent = docValue;\n        const priceLabel = getPrice(docValue, businessType);\n        const isCustom = priceLabel === \"Cena indywidualna\";\n\n        priceOutput.textContent = priceLabel;\n        document.getElementById(\"price-currency\").style.display = isCustom ? \"none\" : \"\";\n        document.getElementById(\"price-netto\").style.display = isCustom ? \"none\" : \"\";\n    }\n\n    \/\/ Event listeners\n    slider.addEventListener(\"input\", function() {\n        updatePrice();\n        updateSliderColor();\n    });\n\n    document.querySelectorAll('input[name=\"businessType\"]').forEach(radio => {\n        radio.addEventListener('change', function() {\n            updatePrice();\n        });\n    });\n\n    \/\/ Initial setup\n    updatePrice();\n    updateSliderColor();\n});\n<\/script>\n\n<style>\n.business-type-selector {\n    margin-bottom: 1.5rem;\n}\n\n.radio-label {\n    display: flex;\n    align-items: center;\n    gap: 0.5rem;\n    cursor: pointer;\n}\n\n.radio-label input[type=\"radio\"] {\n    margin: 0;\n}\n<\/style>\n<div class=\"component infobox mt-72 mb-72\">\n    <div class=\"container-xl\">\n        <div class=\"row mb-64 sm:mb-48\">\n                            <div class=\"col-md-6\">\n                    <div class=\"headline\">\n                        <h3>\n                            <span>Stay safe<\/span><br>                            and ease of use                        <\/h3>\n                    <\/div>\n                <\/div>\n            \n                            <div class=\"col-md-6\">\n                    <div class=\"subtitle\">\n                        <p>We\u2019re passionate about delivering innovative digital solutions&#8230;<\/p>\n                    <\/div>\n                <\/div>\n                    <\/div>\n\n            <\/div>\n<\/div>\n<div class=\"component contact--section hidden mt-64 mb-64\">\n    <div class=\"container-xl\">\n        <div class=\"row\">\n\n            <!-- LEWA STRONA: KROKI -->\n            <div class=\"col-md-6\">\n                <div class=\"title\">\n                    <h3>Schedule a consultation<\/h3>\n                <\/div>\n\n                                <div class=\"step-count mt-48\">\n                    <div class=\"timeline\">\n                                                <div class=\"timeline-step\">\n                            <div class=\"timeline-icon\">01<\/div>\n                            <div class=\"timeline-content\">\n                                <h5>Fill out the contact form.<\/h5>\n                                <p>Provide your details and briefly describe what you need help with.<\/p>\n                            <\/div>\n                        <\/div>\n                                                <div class=\"timeline-step\">\n                            <div class=\"timeline-icon\">02<\/div>\n                            <div class=\"timeline-content\">\n                                <h5>We will analyze your inquiry.<\/h5>\n                                <p>We will quickly inform you about the consultation date and price.<\/p>\n                            <\/div>\n                        <\/div>\n                                                <div class=\"timeline-step\">\n                            <div class=\"timeline-icon\">03<\/div>\n                            <div class=\"timeline-content\">\n                                <h5>The consultation can be conducted online or in person.<\/h5>\n                                <p>Together, we will find the best solution to your problem!<\/p>\n                            <\/div>\n                        <\/div>\n                                            <\/div>\n                <\/div>\n                            <\/div>\n\n            <!-- PRAWA STRONA: FORMULARZ -->\n            <div class=\"col-md-6\">\n                <div class=\"form\">\n                    <div class=\"title flex justify-content-between align-items-center gap-16 flex-wrap\">\n                        <h3>Contact<\/h3>\n                                                <img decoding=\"async\" src=\"https:\/\/buczynski-tax.pl\/wp-content\/uploads\/2025\/06\/image-1.png\" alt=\"\">\n                                            <\/div>\n\n                    <div class=\"has--wrapper\">\n                        \n<div class=\"wpcf7 no-js\" id=\"wpcf7-f1225-o1\" lang=\"en-US\" dir=\"ltr\" data-wpcf7-id=\"1225\">\n<div class=\"screen-reader-response\"><p role=\"status\" aria-live=\"polite\" aria-atomic=\"true\"><\/p> <ul><\/ul><\/div>\n<form action=\"\/en\/wp-json\/wp\/v2\/pages\/1248#wpcf7-f1225-o1\" method=\"post\" class=\"wpcf7-form init\" aria-label=\"Contact form\" novalidate=\"novalidate\" data-status=\"init\">\n<fieldset class=\"hidden-fields-container\"><input type=\"hidden\" name=\"_wpcf7\" value=\"1225\" \/><input type=\"hidden\" name=\"_wpcf7_version\" value=\"6.1.5\" \/><input type=\"hidden\" name=\"_wpcf7_locale\" value=\"en_US\" \/><input type=\"hidden\" name=\"_wpcf7_unit_tag\" value=\"wpcf7-f1225-o1\" \/><input type=\"hidden\" name=\"_wpcf7_container_post\" value=\"0\" \/><input type=\"hidden\" name=\"_wpcf7_posted_data_hash\" value=\"\" \/>\n<\/fieldset>\n<div class=\"wpcf7-turnstile cf-turnstile\" data-sitekey=\"0x4AAAAAACD9W6NRwSYi6iRt\" data-response-field-name=\"_wpcf7_turnstile_response\"><\/div>\n\n<p><label>Full Name*<\/label><span class=\"wpcf7-form-control-wrap\" data-name=\"nametext\"><input size=\"40\" maxlength=\"400\" class=\"wpcf7-form-control wpcf7-text wpcf7-validates-as-required\" aria-required=\"true\" aria-invalid=\"false\" placeholder=\"Full Name*\" value=\"\" type=\"text\" name=\"nametext\" \/><\/span><label>Contact Phone*<\/label><span class=\"wpcf7-form-control-wrap\" data-name=\"tel-722\"><input size=\"40\" maxlength=\"400\" class=\"wpcf7-form-control wpcf7-tel wpcf7-text wpcf7-validates-as-tel\" aria-invalid=\"false\" placeholder=\"Contact Phone\" value=\"\" type=\"tel\" name=\"tel-722\" \/><\/span><label>Contact Email*<\/label><span class=\"wpcf7-form-control-wrap\" data-name=\"email-168\"><input size=\"40\" maxlength=\"400\" class=\"wpcf7-form-control wpcf7-email wpcf7-validates-as-required wpcf7-text wpcf7-validates-as-email\" aria-required=\"true\" aria-invalid=\"false\" placeholder=\"Contact Email\" value=\"\" type=\"email\" name=\"email-168\" \/><\/span><label>Message*<\/label><span class=\"wpcf7-form-control-wrap\" data-name=\"textarea-892\"><textarea cols=\"40\" rows=\"10\" maxlength=\"1000\" minlength=\"20\" class=\"wpcf7-form-control wpcf7-textarea\" aria-invalid=\"false\" placeholder=\"Write us a message\" name=\"textarea-892\"><\/textarea><\/span><span class=\"wpcf7-character-count down\" data-target-name=\"textarea-892\" data-starting-value=\"1000\" data-current-value=\"1000\" data-maximum-value=\"1000\" data-minimum-value=\"20\">1000<\/span><span class=\"wpcf7-form-control-wrap\" data-name=\"acceptance-60\"><span class=\"wpcf7-form-control wpcf7-acceptance\"><span class=\"wpcf7-list-item\"><label><input type=\"checkbox\" name=\"acceptance-60\" value=\"1\" aria-invalid=\"false\" \/><span class=\"wpcf7-list-item-label\">I declare that I have read and accept the provisions of the privacy policy regarding the processing of personal data.*<\/span><\/label><\/span><\/span><\/span><input class=\"wpcf7-form-control wpcf7-submit has-spinner\" type=\"submit\" value=\"Send message\" \/>\n<\/p><p style=\"display: none !important;\" class=\"akismet-fields-container\" data-prefix=\"_wpcf7_ak_\"><label>&#916;<textarea name=\"_wpcf7_ak_hp_textarea\" cols=\"45\" rows=\"8\" maxlength=\"100\"><\/textarea><\/label><input type=\"hidden\" id=\"ak_js_1\" name=\"_wpcf7_ak_js\" value=\"109\"\/><script>\ndocument.getElementById( \"ak_js_1\" ).setAttribute( \"value\", ( new Date() ).getTime() );\n<\/script>\n<\/p><div class=\"wpcf7-response-output\" aria-hidden=\"true\"><\/div>\n<\/form>\n<\/div>\n                    <\/div>\n                <\/div>\n            <\/div>\n\n        <\/div>\n    <\/div>\n<\/div>","protected":false},"excerpt":{"rendered":"<p>Use the calculator and estimate your accounting costs Regardless of whether you run a sole proprietorship, a limited liability company, a general partnership, a professional partnership, or are just starting out \u2013 at Buczynski Tax, we provide comprehensive accounting, tax, and HR support. Get an accounting quote and join our satisfied clients.<\/p>\n","protected":false},"author":2,"featured_media":0,"parent":0,"menu_order":0,"comment_status":"closed","ping_status":"closed","template":"","meta":{"_acf_changed":false,"inline_featured_image":false,"footnotes":""},"class_list":["post-1248","page","type-page","status-publish","hentry"],"acf":[],"yoast_head":"<!-- This site is optimized with the Yoast SEO plugin v27.6 - https:\/\/yoast.com\/product\/yoast-seo-wordpress\/ -->\n<title>Get an accounting quote - Buczynski Tax<\/title>\n<meta name=\"robots\" content=\"index, follow, max-snippet:-1, max-image-preview:large, max-video-preview:-1\" \/>\n<link rel=\"canonical\" href=\"https:\/\/buczynski-tax.pl\/en\/quote\/\" \/>\n<meta property=\"og:locale\" content=\"en_US\" \/>\n<meta property=\"og:type\" content=\"article\" \/>\n<meta property=\"og:title\" content=\"Get an accounting quote - Buczynski Tax\" \/>\n<meta property=\"og:description\" content=\"Use the calculator and estimate your accounting costs Regardless of whether you run a sole proprietorship, a limited liability company, a general partnership, a professional partnership, or are just starting out \u2013 at Buczynski Tax, we provide comprehensive accounting, tax, and HR support. Get an accounting quote and join our satisfied clients.\" \/>\n<meta property=\"og:url\" content=\"https:\/\/buczynski-tax.pl\/en\/quote\/\" \/>\n<meta property=\"og:site_name\" content=\"Buczynski Tax\" \/>\n<meta property=\"article:modified_time\" content=\"2026-03-21T21:01:59+00:00\" \/>\n<meta name=\"twitter:card\" content=\"summary_large_image\" \/>\n<meta name=\"twitter:label1\" content=\"Est. reading time\" \/>\n\t<meta name=\"twitter:data1\" content=\"1 minute\" \/>\n<script type=\"application\/ld+json\" class=\"yoast-schema-graph\">{\"@context\":\"https:\\\/\\\/schema.org\",\"@graph\":[{\"@type\":\"WebPage\",\"@id\":\"https:\\\/\\\/buczynski-tax.pl\\\/en\\\/quote\\\/\",\"url\":\"https:\\\/\\\/buczynski-tax.pl\\\/en\\\/quote\\\/\",\"name\":\"Get an accounting quote - Buczynski Tax\",\"isPartOf\":{\"@id\":\"https:\\\/\\\/buczynski-tax.pl\\\/#website\"},\"datePublished\":\"2025-05-17T16:19:46+00:00\",\"dateModified\":\"2026-03-21T21:01:59+00:00\",\"breadcrumb\":{\"@id\":\"https:\\\/\\\/buczynski-tax.pl\\\/en\\\/quote\\\/#breadcrumb\"},\"inLanguage\":\"en-US\",\"potentialAction\":[{\"@type\":\"ReadAction\",\"target\":[\"https:\\\/\\\/buczynski-tax.pl\\\/en\\\/quote\\\/\"]}]},{\"@type\":\"BreadcrumbList\",\"@id\":\"https:\\\/\\\/buczynski-tax.pl\\\/en\\\/quote\\\/#breadcrumb\",\"itemListElement\":[{\"@type\":\"ListItem\",\"position\":1,\"name\":\"Strona g\u0142\u00f3wna\",\"item\":\"https:\\\/\\\/buczynski-tax.pl\\\/en\\\/\"},{\"@type\":\"ListItem\",\"position\":2,\"name\":\"Get an accounting quote\"}]},{\"@type\":\"WebSite\",\"@id\":\"https:\\\/\\\/buczynski-tax.pl\\\/#website\",\"url\":\"https:\\\/\\\/buczynski-tax.pl\\\/\",\"name\":\"Buczynski Tax\",\"description\":\"Nowoczesna Ksi\u0119gowo\u015b\u0107. Rzetelna kancelaria podatkowa z ponad 10-letnim do\u015bwiadczeniem w ksi\u0119gowo\u015bci. Od dekady wspieramy przedsi\u0119biorc\u00f3w.\",\"publisher\":{\"@id\":\"https:\\\/\\\/buczynski-tax.pl\\\/#organization\"},\"alternateName\":\"Nowoczesna Ksi\u0119gowo\u015b\u0107. Rzetelna kancelaria podatkowa z ponad 10-letnim do\u015bwiadczeniem w ksi\u0119gowo\u015bci. Od dekady wspieramy przedsi\u0119biorc\u00f3w.\",\"potentialAction\":[{\"@type\":\"SearchAction\",\"target\":{\"@type\":\"EntryPoint\",\"urlTemplate\":\"https:\\\/\\\/buczynski-tax.pl\\\/?s={search_term_string}\"},\"query-input\":{\"@type\":\"PropertyValueSpecification\",\"valueRequired\":true,\"valueName\":\"search_term_string\"}}],\"inLanguage\":\"en-US\"},{\"@type\":\"Organization\",\"@id\":\"https:\\\/\\\/buczynski-tax.pl\\\/#organization\",\"name\":\"Buczynski Tax\",\"url\":\"https:\\\/\\\/buczynski-tax.pl\\\/\",\"logo\":{\"@type\":\"ImageObject\",\"inLanguage\":\"en-US\",\"@id\":\"https:\\\/\\\/buczynski-tax.pl\\\/#\\\/schema\\\/logo\\\/image\\\/\",\"url\":\"https:\\\/\\\/buczynski-tax.pl\\\/wp-content\\\/uploads\\\/2025\\\/06\\\/cropped-favicon.png\",\"contentUrl\":\"https:\\\/\\\/buczynski-tax.pl\\\/wp-content\\\/uploads\\\/2025\\\/06\\\/cropped-favicon.png\",\"width\":160,\"height\":160,\"caption\":\"Buczynski Tax\"},\"image\":{\"@id\":\"https:\\\/\\\/buczynski-tax.pl\\\/#\\\/schema\\\/logo\\\/image\\\/\"}}]}<\/script>\n<!-- \/ Yoast SEO plugin. -->","yoast_head_json":{"title":"Get an accounting quote - Buczynski Tax","robots":{"index":"index","follow":"follow","max-snippet":"max-snippet:-1","max-image-preview":"max-image-preview:large","max-video-preview":"max-video-preview:-1"},"canonical":"https:\/\/buczynski-tax.pl\/en\/quote\/","og_locale":"en_US","og_type":"article","og_title":"Get an accounting quote - Buczynski Tax","og_description":"Use the calculator and estimate your accounting costs Regardless of whether you run a sole proprietorship, a limited liability company, a general partnership, a professional partnership, or are just starting out \u2013 at Buczynski Tax, we provide comprehensive accounting, tax, and HR support. Get an accounting quote and join our satisfied clients.","og_url":"https:\/\/buczynski-tax.pl\/en\/quote\/","og_site_name":"Buczynski Tax","article_modified_time":"2026-03-21T21:01:59+00:00","twitter_card":"summary_large_image","twitter_misc":{"Est. reading time":"1 minute"},"schema":{"@context":"https:\/\/schema.org","@graph":[{"@type":"WebPage","@id":"https:\/\/buczynski-tax.pl\/en\/quote\/","url":"https:\/\/buczynski-tax.pl\/en\/quote\/","name":"Get an accounting quote - Buczynski Tax","isPartOf":{"@id":"https:\/\/buczynski-tax.pl\/#website"},"datePublished":"2025-05-17T16:19:46+00:00","dateModified":"2026-03-21T21:01:59+00:00","breadcrumb":{"@id":"https:\/\/buczynski-tax.pl\/en\/quote\/#breadcrumb"},"inLanguage":"en-US","potentialAction":[{"@type":"ReadAction","target":["https:\/\/buczynski-tax.pl\/en\/quote\/"]}]},{"@type":"BreadcrumbList","@id":"https:\/\/buczynski-tax.pl\/en\/quote\/#breadcrumb","itemListElement":[{"@type":"ListItem","position":1,"name":"Strona g\u0142\u00f3wna","item":"https:\/\/buczynski-tax.pl\/en\/"},{"@type":"ListItem","position":2,"name":"Get an accounting quote"}]},{"@type":"WebSite","@id":"https:\/\/buczynski-tax.pl\/#website","url":"https:\/\/buczynski-tax.pl\/","name":"Buczynski Tax","description":"Nowoczesna Ksi\u0119gowo\u015b\u0107. Rzetelna kancelaria podatkowa z ponad 10-letnim do\u015bwiadczeniem w ksi\u0119gowo\u015bci. Od dekady wspieramy przedsi\u0119biorc\u00f3w.","publisher":{"@id":"https:\/\/buczynski-tax.pl\/#organization"},"alternateName":"Nowoczesna Ksi\u0119gowo\u015b\u0107. Rzetelna kancelaria podatkowa z ponad 10-letnim do\u015bwiadczeniem w ksi\u0119gowo\u015bci. Od dekady wspieramy przedsi\u0119biorc\u00f3w.","potentialAction":[{"@type":"SearchAction","target":{"@type":"EntryPoint","urlTemplate":"https:\/\/buczynski-tax.pl\/?s={search_term_string}"},"query-input":{"@type":"PropertyValueSpecification","valueRequired":true,"valueName":"search_term_string"}}],"inLanguage":"en-US"},{"@type":"Organization","@id":"https:\/\/buczynski-tax.pl\/#organization","name":"Buczynski Tax","url":"https:\/\/buczynski-tax.pl\/","logo":{"@type":"ImageObject","inLanguage":"en-US","@id":"https:\/\/buczynski-tax.pl\/#\/schema\/logo\/image\/","url":"https:\/\/buczynski-tax.pl\/wp-content\/uploads\/2025\/06\/cropped-favicon.png","contentUrl":"https:\/\/buczynski-tax.pl\/wp-content\/uploads\/2025\/06\/cropped-favicon.png","width":160,"height":160,"caption":"Buczynski Tax"},"image":{"@id":"https:\/\/buczynski-tax.pl\/#\/schema\/logo\/image\/"}}]}},"_links":{"self":[{"href":"https:\/\/buczynski-tax.pl\/en\/wp-json\/wp\/v2\/pages\/1248","targetHints":{"allow":["GET"]}}],"collection":[{"href":"https:\/\/buczynski-tax.pl\/en\/wp-json\/wp\/v2\/pages"}],"about":[{"href":"https:\/\/buczynski-tax.pl\/en\/wp-json\/wp\/v2\/types\/page"}],"author":[{"embeddable":true,"href":"https:\/\/buczynski-tax.pl\/en\/wp-json\/wp\/v2\/users\/2"}],"replies":[{"embeddable":true,"href":"https:\/\/buczynski-tax.pl\/en\/wp-json\/wp\/v2\/comments?post=1248"}],"version-history":[{"count":2,"href":"https:\/\/buczynski-tax.pl\/en\/wp-json\/wp\/v2\/pages\/1248\/revisions"}],"predecessor-version":[{"id":1250,"href":"https:\/\/buczynski-tax.pl\/en\/wp-json\/wp\/v2\/pages\/1248\/revisions\/1250"}],"wp:attachment":[{"href":"https:\/\/buczynski-tax.pl\/en\/wp-json\/wp\/v2\/media?parent=1248"}],"curies":[{"name":"wp","href":"https:\/\/api.w.org\/{rel}","templated":true}]}}